{"id":987,"date":"2024-07-14T11:59:37","date_gmt":"2024-07-14T09:59:37","guid":{"rendered":"https:\/\/atelierduglacier.com\/?page_id=987"},"modified":"2024-10-21T15:00:06","modified_gmt":"2024-10-21T13:00:06","slug":"tarifs","status":"publish","type":"page","link":"https:\/\/atelierduglacier.com\/?page_id=987","title":{"rendered":"TARIFS 2024"},"content":{"rendered":"<p>[et_pb_section fb_built=\u00a0\u00bb1&Prime; admin_label=\u00a0\u00bbFeatures\u00a0\u00bb _builder_version=\u00a0\u00bb4.26.1&Prime; _module_preset=\u00a0\u00bbdefault\u00a0\u00bb background_image=\u00a0\u00bbhttps:\/\/atelierduglacier.com\/wp-content\/uploads\/2024\/06\/courtney-cook-66IZaW9LIpI-unsplash-scaled.jpg\u00a0\u00bb min_height=\u00a0\u00bb300px\u00a0\u00bb max_height=\u00a0\u00bb300px\u00a0\u00bb custom_padding=\u00a0\u00bb||2px|||\u00a0\u00bb locked=\u00a0\u00bboff\u00a0\u00bb collapsed=\u00a0\u00bbon\u00a0\u00bb global_colors_info=\u00a0\u00bb{}\u00a0\u00bb][\/et_pb_section][et_pb_section fb_built=\u00a0\u00bb1&Prime; admin_label=\u00a0\u00bbFeatures\u00a0\u00bb _builder_version=\u00a0\u00bb4.26.0&Prime; _module_preset=\u00a0\u00bbdefault\u00a0\u00bb background_color=\u00a0\u00bb#FFFFFF\u00a0\u00bb background_enable_image=\u00a0\u00bboff\u00a0\u00bb custom_padding=\u00a0\u00bb40px||5px|||\u00a0\u00bb locked=\u00a0\u00bboff\u00a0\u00bb collapsed=\u00a0\u00bbon\u00a0\u00bb global_colors_info=\u00a0\u00bb{}\u00a0\u00bb][et_pb_row _builder_version=\u00a0\u00bb4.27.0&Prime; _module_preset=\u00a0\u00bbdefault\u00a0\u00bb custom_padding=\u00a0\u00bb11px||4px|||\u00a0\u00bb global_colors_info=\u00a0\u00bb{}\u00a0\u00bb][et_pb_column type=\u00a0\u00bb4_4&Prime; _builder_version=\u00a0\u00bb4.27.0&Prime; _module_preset=\u00a0\u00bbdefault\u00a0\u00bb global_colors_info=\u00a0\u00bb{}\u00a0\u00bb][et_pb_text _builder_version=\u00a0\u00bb4.27.2&Prime; _module_preset=\u00a0\u00bbdefault\u00a0\u00bb hover_enabled=\u00a0\u00bb0&Prime; sticky_enabled=\u00a0\u00bb0&Prime;]<\/p>\n<p><strong><\/strong><\/p>\n<p><strong>INSCRIPTION ET R\u00c9SERVATION A UNE FORMATION<\/strong><\/p>\n<ul>\n<li>Les inscriptions sont ouvertes toute l\u2019ann\u00e9e du lundi au vendredi par t\u00e9l\u00e9phone : de 9H00 \u00e0 12H30 et de 14H00 \u00e0 18H00 ou par mail\u00a0: contact@atelierduglacier.com<\/li>\n<\/ul>\n<p><strong>PROC\u00c9DURE ET MODALIT\u00c9S D\u2019INSCRIPTION<\/strong><\/p>\n<ul>\n<li>L\u2019inscription \u00e0 la formation est valid\u00e9e apr\u00e8s retour sign\u00e9\u00a0: de la convention de formation, des conditions g\u00e9n\u00e9rales de vente, et du r\u00e8glement int\u00e9rieur, accompagn\u00e9s d\u2019un ch\u00e8que d\u2019acompte ou d\u2019un virement bancaire repr\u00e9sentant 30 % du montant total de la formation.<\/li>\n<\/ul>\n<p><strong>D\u00c9LAIS D\u2019ACC\u00c8S A LA FORMATION<\/strong><\/p>\n<ul>\n<li>La dur\u00e9e estim\u00e9e entre la demande du b\u00e9n\u00e9ficiaire et le d\u00e9but de la prestation est d\u2019au moins 14 jours calendaires apr\u00e8s la signature du contrat de formation pour les particuliers qui financent leur formation afin de respecter le d\u00e9lai de r\u00e9tractation.<\/li>\n<li>Le planning de formation est d\u00e9fini conjointement entre le stagiaire et l\u2019organisme de formation.<\/li>\n<\/ul>\n<p><strong>POUR LES AUTRES STAGIAIRES :<\/strong><\/p>\n<ul>\n<li>Financement OPCO\u00a0: Apr\u00e8s retour du traitement du dossier de prise en charge.<\/li>\n<li>Pour les Entreprises\u00a0: Apr\u00e8s retour des documents indiqu\u00e9s dans le paragraphe \u2018\u2019proc\u00e9dure et modalit\u00e9s d\u2019inscription\u2019\u2019 dans un d\u00e9lai fix\u00e9 conjointement entre l\u2019Entreprise et le formateur.<\/li>\n<\/ul>\n<p><strong>COUT DE LA FORMATION ET MODALIT\u00c9S DE REGLEMENT POUR L\u2019ANN\u00c9E 2024<\/strong><\/p>\n<ul>\n<li>S&rsquo;entendent en Euro par stagiaire \u2013 et par formation TVA non applicable Art. 293 BCGI.<\/li>\n<li>Les dates de la formation sont \u00e0 d\u00e9finir \u00e0 la signature de la convention de formation<\/li>\n<\/ul>\n<p>[\/et_pb_text][\/et_pb_column][\/et_pb_row][\/et_pb_section][et_pb_section fb_built=\u00a0\u00bb1&Prime; _builder_version=\u00a0\u00bb4.26.0&Prime; _module_preset=\u00a0\u00bbdefault\u00a0\u00bb background_color=\u00a0\u00bb#FFFFFF\u00a0\u00bb min_height=\u00a0\u00bb83.8px\u00a0\u00bb custom_padding=\u00a0\u00bb1px||0px|||\u00a0\u00bb global_colors_info=\u00a0\u00bb{}\u00a0\u00bb][\/et_pb_section]<\/p>\n","protected":false},"excerpt":{"rendered":"<p>INSCRIPTION ET R\u00c9SERVATION A UNE FORMATION Les inscriptions sont ouvertes toute l\u2019ann\u00e9e du lundi au vendredi par t\u00e9l\u00e9phone : de 9H00 \u00e0 12H30 et de 14H00 \u00e0 18H00 ou par mail\u00a0: contact@atelierduglacier.com PROC\u00c9DURE ET MODALIT\u00c9S D\u2019INSCRIPTION L\u2019inscription \u00e0 la formation est valid\u00e9e apr\u00e8s retour sign\u00e9\u00a0: de la convention de formation, des conditions g\u00e9n\u00e9rales de vente, [&hellip;]<\/p>\n","protected":false},"author":3,"featured_media":0,"parent":0,"menu_order":0,"comment_status":"closed","ping_status":"closed","template":"","meta":{"_et_pb_use_builder":"on","_et_pb_old_content":"<!-- wp:paragraph -->\n<p>Ceci est une page d\u2019exemple. C\u2019est diff\u00e9rent d\u2019un article de blog parce qu\u2019elle restera au m\u00eame endroit et appara\u00eetra dans la navigation de votre site (dans la plupart des th\u00e8mes). La plupart des gens commencent par une page \u00ab\u00a0\u00c0 propos\u00a0\u00bb qui les pr\u00e9sente aux personnes visitant le site. Cela pourrait ressembler \u00e0 quelque chose comme cela\u00a0:<\/p>\n<!-- \/wp:paragraph -->\n\n<!-- wp:quote -->\n<blockquote class=\"wp-block-quote\"><p>Bonjour\u00a0! Je suis un m\u00e9canicien qui aspire \u00e0 devenir acteur, et voici mon site. J\u2019habite \u00e0 Bordeaux, j\u2019ai un super chien baptis\u00e9 Russell, et j\u2019aime la vodka (ainsi qu\u2019\u00eatre surpris par la pluie soudaine lors de longues balades sur la plage au coucher du soleil).<\/p><\/blockquote>\n<!-- \/wp:quote -->\n\n<!-- wp:paragraph -->\n<p>\u2026ou quelque chose comme cela\u00a0:<\/p>\n<!-- \/wp:paragraph -->\n\n<!-- wp:quote -->\n<blockquote class=\"wp-block-quote\"><p>La soci\u00e9t\u00e9 123 Machin Truc a \u00e9t\u00e9 cr\u00e9\u00e9e en 1971, et n\u2019a cess\u00e9 de proposer au public des machins-trucs de qualit\u00e9 depuis lors. Situ\u00e9e \u00e0 Saint-Remy-en-Bouzemont-Saint-Genest-et-Isson, 123 Machin Truc emploie 2 000 personnes, et fabrique toutes sortes de bidules supers pour la communaut\u00e9 bouzemontoise.<\/p><\/blockquote>\n<!-- \/wp:quote -->\n\n<!-- wp:paragraph -->\n<p>En tant que nouvel utilisateur ou utilisatrice de WordPress, vous devriez vous rendre sur <a href=\"http:\/\/atelierduglacier.com\/wp-admin\/\">votre tableau de bord<\/a> pour supprimer cette page et cr\u00e9er de nouvelles pages pour votre contenu. Amusez-vous bien\u00a0!<\/p>\n<!-- \/wp:paragraph -->","_et_gb_content_width":"","footnotes":""},"class_list":["post-987","page","type-page","status-publish","hentry"],"_links":{"self":[{"href":"https:\/\/atelierduglacier.com\/index.php?rest_route=\/wp\/v2\/pages\/987","targetHints":{"allow":["GET"]}}],"collection":[{"href":"https:\/\/atelierduglacier.com\/index.php?rest_route=\/wp\/v2\/pages"}],"about":[{"href":"https:\/\/atelierduglacier.com\/index.php?rest_route=\/wp\/v2\/types\/page"}],"author":[{"embeddable":true,"href":"https:\/\/atelierduglacier.com\/index.php?rest_route=\/wp\/v2\/users\/3"}],"replies":[{"embeddable":true,"href":"https:\/\/atelierduglacier.com\/index.php?rest_route=%2Fwp%2Fv2%2Fcomments&post=987"}],"version-history":[{"count":26,"href":"https:\/\/atelierduglacier.com\/index.php?rest_route=\/wp\/v2\/pages\/987\/revisions"}],"predecessor-version":[{"id":1660,"href":"https:\/\/atelierduglacier.com\/index.php?rest_route=\/wp\/v2\/pages\/987\/revisions\/1660"}],"wp:attachment":[{"href":"https:\/\/atelierduglacier.com\/index.php?rest_route=%2Fwp%2Fv2%2Fmedia&parent=987"}],"curies":[{"name":"wp","href":"https:\/\/api.w.org\/{rel}","templated":true}]}}