{"id":1646,"date":"2024-10-21T11:16:21","date_gmt":"2024-10-21T09:16:21","guid":{"rendered":"https:\/\/atelierduglacier.com\/?page_id=1646"},"modified":"2025-11-12T12:08:39","modified_gmt":"2025-11-12T11:08:39","slug":"tarif-glaces-a-la-ferme","status":"publish","type":"page","link":"https:\/\/atelierduglacier.com\/?page_id=1646","title":{"rendered":"GLACES A LA FERME"},"content":{"rendered":"<p>[et_pb_section fb_built=\u00a0\u00bb1&Prime; admin_label=\u00a0\u00bbFeatures\u00a0\u00bb _builder_version=\u00a0\u00bb4.26.1&Prime; _module_preset=\u00a0\u00bbdefault\u00a0\u00bb background_image=\u00a0\u00bbhttps:\/\/atelierduglacier.com\/wp-content\/uploads\/2024\/06\/courtney-cook-66IZaW9LIpI-unsplash-scaled.jpg\u00a0\u00bb min_height=\u00a0\u00bb300px\u00a0\u00bb max_height=\u00a0\u00bb300px\u00a0\u00bb custom_padding=\u00a0\u00bb||2px|||\u00a0\u00bb locked=\u00a0\u00bboff\u00a0\u00bb collapsed=\u00a0\u00bbon\u00a0\u00bb global_colors_info=\u00a0\u00bb{}\u00a0\u00bb][\/et_pb_section][et_pb_section fb_built=\u00a0\u00bb1&Prime; admin_label=\u00a0\u00bbFeatures\u00a0\u00bb _builder_version=\u00a0\u00bb4.26.0&Prime; _module_preset=\u00a0\u00bbdefault\u00a0\u00bb background_color=\u00a0\u00bb#FFFFFF\u00a0\u00bb background_enable_image=\u00a0\u00bboff\u00a0\u00bb custom_padding=\u00a0\u00bb40px||5px|||\u00a0\u00bb locked=\u00a0\u00bboff\u00a0\u00bb collapsed=\u00a0\u00bbon\u00a0\u00bb global_colors_info=\u00a0\u00bb{}\u00a0\u00bb][et_pb_row _builder_version=\u00a0\u00bb4.26.0&Prime; _module_preset=\u00a0\u00bb5138c454-be54-4233-bd3b-f8e6a8747976&Prime; custom_padding=\u00a0\u00bb2px|||||\u00a0\u00bb global_colors_info=\u00a0\u00bb{}\u00a0\u00bb][et_pb_column type=\u00a0\u00bb4_4&Prime; _builder_version=\u00a0\u00bb4.17.3&Prime; _module_preset=\u00a0\u00bb73121f80-a3ef-4484-8763-c3f18e3c56d2&Prime; global_colors_info=\u00a0\u00bb{}\u00a0\u00bb][et_pb_heading title=\u00a0\u00bbTARIF DE LA FORMATION\u00a0\u00bb _builder_version=\u00a0\u00bb4.26.0&Prime; _module_preset=\u00a0\u00bbc33f07d9-41e0-421a-8799-5799df695cce\u00a0\u00bb title_level=\u00a0\u00bbh2&Prime; title_font=\u00a0\u00bbCormorant Garamond|Cormorant Garamond_weight|||||||\u00a0\u00bb title_text_color=\u00a0\u00bb#0e0c19&Prime; title_font_size=\u00a0\u00bb50px\u00a0\u00bb title_line_height=\u00a0\u00bb1.2em\u00a0\u00bb custom_margin=\u00a0\u00bb||0px|||\u00a0\u00bb custom_padding=\u00a0\u00bb||0px|||\u00a0\u00bb title_font_size_tablet=\u00a0\u00bb28px\u00a0\u00bb title_font_size_phone=\u00a0\u00bb20px\u00a0\u00bb title_font_size_last_edited=\u00a0\u00bbon|phone\u00a0\u00bb locked=\u00a0\u00bboff\u00a0\u00bb global_colors_info=\u00a0\u00bb{}\u00a0\u00bb][\/et_pb_heading][et_pb_heading title=\u00a0\u00bbFORMATION INDIVIDUALISEE ET PERSONNALISEE POUR UNE MEILLEURE APPROCHE PEDAGOGIQUE\u00a0\u00bb _builder_version=\u00a0\u00bb4.27.4&Prime; _module_preset=\u00a0\u00bbc33f07d9-41e0-421a-8799-5799df695cce\u00a0\u00bb title_font=\u00a0\u00bbCormorant Garamond|Cormorant Garamond_weight|||||||\u00a0\u00bb title_text_color=\u00a0\u00bb#0e0c19&Prime; title_font_size=\u00a0\u00bb20px\u00a0\u00bb title_line_height=\u00a0\u00bb1.2em\u00a0\u00bb custom_margin=\u00a0\u00bb||-22px|||\u00a0\u00bb custom_padding=\u00a0\u00bb||2px|||\u00a0\u00bb hover_enabled=\u00a0\u00bb0&Prime; title_font_size_tablet=\u00a0\u00bb28px\u00a0\u00bb title_font_size_phone=\u00a0\u00bb20px\u00a0\u00bb title_font_size_last_edited=\u00a0\u00bbon|phone\u00a0\u00bb locked=\u00a0\u00bboff\u00a0\u00bb global_colors_info=\u00a0\u00bb{}\u00a0\u00bb sticky_enabled=\u00a0\u00bb0&Prime;][\/et_pb_heading][\/et_pb_column][\/et_pb_row][et_pb_row _builder_version=\u00a0\u00bb4.27.2&Prime; _module_preset=\u00a0\u00bbdefault\u00a0\u00bb background_enable_color=\u00a0\u00bboff\u00a0\u00bb module_alignment=\u00a0\u00bbcenter\u00a0\u00bb min_height=\u00a0\u00bb342.6px\u00a0\u00bb custom_padding=\u00a0\u00bb7px|10px|0px|10px|false|true\u00a0\u00bb global_colors_info=\u00a0\u00bb{}\u00a0\u00bb][et_pb_column type=\u00a0\u00bb4_4&Prime; _builder_version=\u00a0\u00bb4.25.2&Prime; _module_preset=\u00a0\u00bbdefault\u00a0\u00bb global_colors_info=\u00a0\u00bb{}\u00a0\u00bb][et_pb_text _builder_version=\u00a0\u00bb4.27.0&Prime; _module_preset=\u00a0\u00bbdefault\u00a0\u00bb background_color=\u00a0\u00bb#FFFFFF\u00a0\u00bb custom_margin=\u00a0\u00bb|||-8px||\u00a0\u00bb custom_padding=\u00a0\u00bb||0px|0px||\u00a0\u00bb inline_fonts=\u00a0\u00bbProza Libre\u00a0\u00bb global_colors_info=\u00a0\u00bb{}\u00a0\u00bb]<\/p>\n<h3><span style=\"font-family: Proza Libre; font-weight: normal; color: #ad1100;\"><strong>FORMATION SP\u00c9CIFIQUE POUR AGRICULTEURS<\/strong><\/span><\/h3>\n<ul>\n<li style=\"list-style-type: none;\">\n<ul>\n<li>Le concept de la glace \u00e0 la ferme s\u2019adresse avant tout aux agriculteurs d\u00e9sireux fabriquer leurs glaces et sorbets \u00e0 partir de leur production.<\/li>\n<li>Pour les agriculteurs producteurs de fruits : ils peuvent utiliser les fruits issus de leur verger, apr\u00e8s transformation des fruits, ils pourront produire leurs cr\u00e8mes glac\u00e9es et sorbets etc\u2026 .<\/li>\n<li>Pour les agriculteurs producteurs de lait de vaches ou de brebis, ou bien de ch\u00e8vres : ils peuvent utiliser les produits laitiers issus de leur \u00e9levage afin de produire leurs propres cr\u00e8mes glac\u00e9es ou sorbets, etc&#8230; .<\/li>\n<li>Le concept de glace \u00e0 la ferme vous permet donc de valoriser au mieux votre production et de diversifier vos revenus, et de les rendre moins sensibles aux crises et au prix de vente du lait \u00e0 une coop\u00e9rative laiti\u00e8re c\u2019est un premier point, mais pas seulement, car depuis une d\u00e9cennie les petits producteurs ont compris qu\u2019ils \u00e9taient capables de vendre leur propre production directement \u00e0 un public de consommateurs sensible au circuit court et de plus en plus orient\u00e9 Bio.<\/li>\n<\/ul>\n<\/li>\n<\/ul>\n<p><strong>PUBLIC :<\/strong> Agriculteur \/ Agricultrice d\u00e9sirant savoir-faire des glaces artisanales.<\/p>\n<p><strong>EFFECTIF :<\/strong> <u>Stage individuel et personnaliser une ou deux personnes par formation.<\/u><\/p>\n<p><strong>LIEU DE FORMATION :<\/strong> Bordeaux-Floirac<\/p>\n<p><strong>DUR\u00c9E :<\/strong> 5 jours de formation compl\u00e8te soit 40 heures en alternance exercices th\u00e9orique et pratique sur plateaux technique.<\/p>\n<p><strong>DATES DE FORMATION\u00a0: <\/strong>Elles sont \u00e0 d\u00e9terminer lors de la signature de la convention de formation.<\/p>\n<p><strong>TENUE VESTIMENTAIRE :<\/strong> Durant la formation, nous fournissons pour les exercices pratique la charlotte, le tablier, le masque, et les gants, ainsi que les ingr\u00e9dients n\u00e9cessaires \u00e0 la r\u00e9alisation des sorbets et des glaces.<\/p>\n<p><strong>FOURNITURE DU STAGIAIRE :<\/strong> Pour acc\u00e9der au laboratoire, une paire de chaussure crocs plastique est souhaitable.<\/p>\n<p><strong>TARIFS :<\/strong> 2000 \u20ac par stagiaire \u2013 et par formation TVA non applicable Art. 293 BCGI.<\/p>\n<p>*Le transport, l&rsquo;h\u00e9bergement, ainsi que la restauration sont \u00e0 la charge du stagiaire.<\/p>\n<h3><\/h3>\n<p>[\/et_pb_text][\/et_pb_column][\/et_pb_row][et_pb_row _builder_version=\u00a0\u00bb4.27.0&Prime; _module_preset=\u00a0\u00bbdefault\u00a0\u00bb custom_padding=\u00a0\u00bb||4px|||\u00a0\u00bb global_colors_info=\u00a0\u00bb{}\u00a0\u00bb][et_pb_column type=\u00a0\u00bb4_4&Prime; _builder_version=\u00a0\u00bb4.27.0&Prime; _module_preset=\u00a0\u00bbdefault\u00a0\u00bb global_colors_info=\u00a0\u00bb{}\u00a0\u00bb][et_pb_divider _builder_version=\u00a0\u00bb4.27.0&Prime; _module_preset=\u00a0\u00bbdefault\u00a0\u00bb global_colors_info=\u00a0\u00bb{}\u00a0\u00bb][\/et_pb_divider][\/et_pb_column][\/et_pb_row][\/et_pb_section][et_pb_section fb_built=\u00a0\u00bb1&Prime; _builder_version=\u00a0\u00bb4.26.0&Prime; _module_preset=\u00a0\u00bbdefault\u00a0\u00bb background_color=\u00a0\u00bb#FFFFFF\u00a0\u00bb min_height=\u00a0\u00bb83.8px\u00a0\u00bb custom_padding=\u00a0\u00bb1px||0px|||\u00a0\u00bb global_colors_info=\u00a0\u00bb{}\u00a0\u00bb][\/et_pb_section]<\/p>\n","protected":false},"excerpt":{"rendered":"<p>FORMATION SP\u00c9CIFIQUE POUR AGRICULTEURS Le concept de la glace \u00e0 la ferme s\u2019adresse avant tout aux agriculteurs d\u00e9sireux fabriquer leurs glaces et sorbets \u00e0 partir de leur production. Pour les agriculteurs producteurs de fruits : ils peuvent utiliser les fruits issus de leur verger, apr\u00e8s transformation des fruits, ils pourront produire leurs cr\u00e8mes glac\u00e9es et [&hellip;]<\/p>\n","protected":false},"author":3,"featured_media":0,"parent":0,"menu_order":0,"comment_status":"closed","ping_status":"closed","template":"","meta":{"_et_pb_use_builder":"on","_et_pb_old_content":"<!-- wp:paragraph -->\n<p>Ceci est une page d\u2019exemple. C\u2019est diff\u00e9rent d\u2019un article de blog parce qu\u2019elle restera au m\u00eame endroit et appara\u00eetra dans la navigation de votre site (dans la plupart des th\u00e8mes). La plupart des gens commencent par une page \u00ab\u00a0\u00c0 propos\u00a0\u00bb qui les pr\u00e9sente aux personnes visitant le site. Cela pourrait ressembler \u00e0 quelque chose comme cela\u00a0:<\/p>\n<!-- \/wp:paragraph -->\n\n<!-- wp:quote -->\n<blockquote class=\"wp-block-quote\"><p>Bonjour\u00a0! Je suis un m\u00e9canicien qui aspire \u00e0 devenir acteur, et voici mon site. J\u2019habite \u00e0 Bordeaux, j\u2019ai un super chien baptis\u00e9 Russell, et j\u2019aime la vodka (ainsi qu\u2019\u00eatre surpris par la pluie soudaine lors de longues balades sur la plage au coucher du soleil).<\/p><\/blockquote>\n<!-- \/wp:quote -->\n\n<!-- wp:paragraph -->\n<p>\u2026ou quelque chose comme cela\u00a0:<\/p>\n<!-- \/wp:paragraph -->\n\n<!-- wp:quote -->\n<blockquote class=\"wp-block-quote\"><p>La soci\u00e9t\u00e9 123 Machin Truc a \u00e9t\u00e9 cr\u00e9\u00e9e en 1971, et n\u2019a cess\u00e9 de proposer au public des machins-trucs de qualit\u00e9 depuis lors. Situ\u00e9e \u00e0 Saint-Remy-en-Bouzemont-Saint-Genest-et-Isson, 123 Machin Truc emploie 2 000 personnes, et fabrique toutes sortes de bidules supers pour la communaut\u00e9 bouzemontoise.<\/p><\/blockquote>\n<!-- \/wp:quote -->\n\n<!-- wp:paragraph -->\n<p>En tant que nouvel utilisateur ou utilisatrice de WordPress, vous devriez vous rendre sur <a href=\"http:\/\/atelierduglacier.com\/wp-admin\/\">votre tableau de bord<\/a> pour supprimer cette page et cr\u00e9er de nouvelles pages pour votre contenu. Amusez-vous bien\u00a0!<\/p>\n<!-- \/wp:paragraph -->","_et_gb_content_width":"","footnotes":""},"class_list":["post-1646","page","type-page","status-publish","hentry"],"_links":{"self":[{"href":"https:\/\/atelierduglacier.com\/index.php?rest_route=\/wp\/v2\/pages\/1646","targetHints":{"allow":["GET"]}}],"collection":[{"href":"https:\/\/atelierduglacier.com\/index.php?rest_route=\/wp\/v2\/pages"}],"about":[{"href":"https:\/\/atelierduglacier.com\/index.php?rest_route=\/wp\/v2\/types\/page"}],"author":[{"embeddable":true,"href":"https:\/\/atelierduglacier.com\/index.php?rest_route=\/wp\/v2\/users\/3"}],"replies":[{"embeddable":true,"href":"https:\/\/atelierduglacier.com\/index.php?rest_route=%2Fwp%2Fv2%2Fcomments&post=1646"}],"version-history":[{"count":4,"href":"https:\/\/atelierduglacier.com\/index.php?rest_route=\/wp\/v2\/pages\/1646\/revisions"}],"predecessor-version":[{"id":1758,"href":"https:\/\/atelierduglacier.com\/index.php?rest_route=\/wp\/v2\/pages\/1646\/revisions\/1758"}],"wp:attachment":[{"href":"https:\/\/atelierduglacier.com\/index.php?rest_route=%2Fwp%2Fv2%2Fmedia&parent=1646"}],"curies":[{"name":"wp","href":"https:\/\/api.w.org\/{rel}","templated":true}]}}