{"id":1587,"date":"2024-10-20T16:06:50","date_gmt":"2024-10-20T14:06:50","guid":{"rendered":"https:\/\/atelierduglacier.com\/?page_id=1587"},"modified":"2025-01-17T08:31:38","modified_gmt":"2025-01-17T07:31:38","slug":"entremets-et-buches-glaces","status":"publish","type":"page","link":"https:\/\/atelierduglacier.com\/?page_id=1587","title":{"rendered":"ENTREMETS GLACES"},"content":{"rendered":"<p>[et_pb_section fb_built=\u00a0\u00bb1&Prime; admin_label=\u00a0\u00bbFeatures\u00a0\u00bb _builder_version=\u00a0\u00bb4.26.1&Prime; _module_preset=\u00a0\u00bbdefault\u00a0\u00bb background_image=\u00a0\u00bbhttps:\/\/atelierduglacier.com\/wp-content\/uploads\/2024\/06\/0-7728dbc3-4d9a-41d3-af93-89426791a278-1920&#215;1080.jpg\u00a0\u00bb min_height=\u00a0\u00bb300px\u00a0\u00bb custom_padding=\u00a0\u00bb||2px|||\u00a0\u00bb locked=\u00a0\u00bboff\u00a0\u00bb collapsed=\u00a0\u00bbon\u00a0\u00bb global_colors_info=\u00a0\u00bb{}\u00a0\u00bb][\/et_pb_section][et_pb_section fb_built=\u00a0\u00bb1&Prime; admin_label=\u00a0\u00bbFeatures\u00a0\u00bb _builder_version=\u00a0\u00bb4.26.0&Prime; _module_preset=\u00a0\u00bbdefault\u00a0\u00bb background_color=\u00a0\u00bb#FFFFFF\u00a0\u00bb background_enable_image=\u00a0\u00bboff\u00a0\u00bb custom_padding=\u00a0\u00bb40px||5px|||\u00a0\u00bb locked=\u00a0\u00bboff\u00a0\u00bb collapsed=\u00a0\u00bbon\u00a0\u00bb global_colors_info=\u00a0\u00bb{}\u00a0\u00bb][et_pb_row _builder_version=\u00a0\u00bb4.27.0&Prime; _module_preset=\u00a0\u00bb5138c454-be54-4233-bd3b-f8e6a8747976&Prime; custom_padding=\u00a0\u00bb6px|||||\u00a0\u00bb global_colors_info=\u00a0\u00bb{}\u00a0\u00bb][et_pb_column type=\u00a0\u00bb4_4&Prime; _builder_version=\u00a0\u00bb4.17.3&Prime; _module_preset=\u00a0\u00bb73121f80-a3ef-4484-8763-c3f18e3c56d2&Prime; global_colors_info=\u00a0\u00bb{}\u00a0\u00bb][et_pb_heading title=\u00a0\u00bbPROGRAMME DE FORMATION\u00a0\u00bb _builder_version=\u00a0\u00bb4.27.0&Prime; _module_preset=\u00a0\u00bbc33f07d9-41e0-421a-8799-5799df695cce\u00a0\u00bb title_level=\u00a0\u00bbh2&Prime; title_font=\u00a0\u00bbCormorant Garamond|Cormorant Garamond_weight|||||||\u00a0\u00bb title_text_color=\u00a0\u00bb#0e0c19&Prime; title_font_size=\u00a0\u00bb50px\u00a0\u00bb title_line_height=\u00a0\u00bb1.2em\u00a0\u00bb custom_margin=\u00a0\u00bb||-5px|||\u00a0\u00bb custom_padding=\u00a0\u00bb||0px|||\u00a0\u00bb title_font_size_tablet=\u00a0\u00bb28px\u00a0\u00bb title_font_size_phone=\u00a0\u00bb20px\u00a0\u00bb title_font_size_last_edited=\u00a0\u00bbon|phone\u00a0\u00bb locked=\u00a0\u00bboff\u00a0\u00bb global_colors_info=\u00a0\u00bb{}\u00a0\u00bb][\/et_pb_heading][\/et_pb_column][\/et_pb_row][et_pb_row _builder_version=\u00a0\u00bb4.26.1&Prime; _module_preset=\u00a0\u00bbdefault\u00a0\u00bb width=\u00a0\u00bb69.3%\u00a0\u00bb module_alignment=\u00a0\u00bbcenter\u00a0\u00bb custom_margin=\u00a0\u00bb|auto||446px||\u00a0\u00bb custom_padding=\u00a0\u00bb5px||2px|||\u00a0\u00bb global_colors_info=\u00a0\u00bb{}\u00a0\u00bb][et_pb_column type=\u00a0\u00bb4_4&Prime; _builder_version=\u00a0\u00bb4.25.2&Prime; _module_preset=\u00a0\u00bbdefault\u00a0\u00bb global_colors_info=\u00a0\u00bb{}\u00a0\u00bb][et_pb_text _builder_version=\u00a0\u00bb4.27.0&Prime; _module_preset=\u00a0\u00bbdefault\u00a0\u00bb min_height=\u00a0\u00bb617px\u00a0\u00bb custom_padding=\u00a0\u00bb||3px|||\u00a0\u00bb inline_fonts=\u00a0\u00bbProza Libre\u00a0\u00bb global_colors_info=\u00a0\u00bb{}\u00a0\u00bb]<\/p>\n<p><strong>OBJECTIFS DE FORMATION : <\/strong><\/p>\n<h3 style=\"padding-left: 40px;\"><span style=\"color: #ad1100; font-family: Proza Libre; font-weight: normal;\"><strong>FORMATION ENTREMETS ET BUCHES GLACES<\/strong><\/span><\/h3>\n<p><strong>M\u00c9THODES PEDAGOGIQUES UTILIS\u00c9ES :<\/strong><\/p>\n<ul>\n<li style=\"list-style-type: none;\">\n<ul>\n<li>Alternance d\u2019apports th\u00e9oriques et de travaux pratiques sur plateau technique \u00e9quip\u00e9.<\/li>\n<li>\u00catre capable de r\u00e9aliser une gamme compl\u00e8te d\u2019entremets glac\u00e9s.<\/li>\n<li>Notre formation est un stage intensif de glace de 3 jours qui aborde les diff\u00e9rentes techniques du r\u00e9f\u00e9rentiel du CAP Glacier. <strong><br \/><\/strong><\/li>\n<\/ul>\n<\/li>\n<\/ul>\n<p><strong>Pr\u00e9requis n\u00e9cessaires pour participer<\/strong><\/p>\n<ul>\n<li style=\"list-style-type: none;\">\n<ul>\n<li>Pour pouvoir participer au stage Entremets et B\u00fbches glac\u00e9es aucun pr\u00e9requis n\u2019est exig\u00e9.<\/li>\n<li>Le stagiaire utilise les m\u00e9thodes mises en place par le formateur.<\/li>\n<li>Une exp\u00e9rience dans le domaine de l\u2019alimentaire est souhaitable pour faciliter le d\u00e9roulement du stage\u00a0: (boulangerie-p\u00e2tisserie, glacerie)<\/li>\n<\/ul>\n<\/li>\n<\/ul>\n<p><strong>OBJECTIFS PEDAGOGIQUES OP\u00c9RATIONNELS DE LA FORMATION :<\/strong><\/p>\n<ul>\n<li style=\"list-style-type: none;\">\n<ul>\n<li>Production et valorisation des desserts glac\u00e9s<\/li>\n<li>Pr\u00e9parer les mati\u00e8res premi\u00e8res \u00e0 transformer<\/li>\n<li>R\u00e9aliser les mix \u00e0 turbiner<\/li>\n<li>R\u00e9aliser les produits non turbin\u00e9s<\/li>\n<li>R\u00e9aliser des produits de p\u00e2tisserie, de confiserie et de chocolaterie du glacier<\/li>\n<li>Stocker et g\u00e9rer les produits finis et semi-finis<\/li>\n<li>Appliquer les r\u00e8gles de bonnes pratiques d&rsquo;hygi\u00e8ne HACCP<\/li>\n<li>Contr\u00f4ler et valoriser la production tout au long du processus de fabrication jusqu&rsquo;\u00e0 la commercialisation.<\/li>\n<\/ul>\n<\/li>\n<\/ul>\n<p><strong>MODALIT\u00c9S D\u2019\u00c9VALUATION<\/strong><\/p>\n<ul>\n<li style=\"list-style-type: none;\">\n<ul>\n<li>Questionnaire de positionnement avant formation.<\/li>\n<li>\u00c9valuations sommatives en fin de formation pour validation de l\u2019atteinte de l\u2019objectif de formation\u00a0: exercice de mise en situation professionnelle<\/li>\n<li>Validation r\u00e9guli\u00e8re des acquis en cours de formation\u00a0: \u00c9valuations formatives sous forme de questionnaire<\/li>\n<\/ul>\n<\/li>\n<\/ul>\n<p><strong>MISES EN SITUATION PROFESSIONNELLE \u2013 EXERCICES PRATIQUES<\/strong><\/p>\n<ul>\n<li style=\"list-style-type: none;\">\n<ul>\n<li>D\u00e9monstration de chaque \u00e9tape importante des recettes puis exercices de r\u00e9alisation pratique par les stagiaires<\/li>\n<li>Ingr\u00e9dients n\u00e9cessaires et mat\u00e9riel sp\u00e9cifique au travail des produits glac\u00e9s<\/li>\n<\/ul>\n<\/li>\n<\/ul>\n<p><strong>MODALIT\u00c9S DE VALIDATION<\/strong><\/p>\n<ul>\n<li style=\"list-style-type: none;\">\n<ul>\n<li>D\u00e9livrance d\u2019une attestation de formation\u00a0: Attestation de r\u00e9alisation en fin de formation<\/li>\n<li>D\u00e9livrance d&rsquo;une documentation sur les fournisseurs d&rsquo;ingr\u00e9dients pour la fabrication des glaces<\/li>\n<li>D\u00e9livrance d&rsquo;une documentation sur les fabricants de mat\u00e9riels pour glacier<\/li>\n<\/ul>\n<\/li>\n<\/ul>\n<p><strong>ACCESSIBILIT\u00c9 AUX PERSONNES EN SITUATION DE HANDICAP<\/strong><\/p>\n<ul>\n<li style=\"list-style-type: none;\">\n<ul>\n<li>Notre formation peut \u00eatre accessible aux personnes en situation de handicap.<\/li>\n<\/ul>\n<\/li>\n<\/ul>\n<p>&nbsp;<\/p>\n<p>&nbsp;<\/p>\n<p style=\"text-align: justify;\">\n<p style=\"text-align: justify;\"><span><\/span><\/p>\n<p>[\/et_pb_text][\/et_pb_column][\/et_pb_row][\/et_pb_section][et_pb_section fb_built=\u00a0\u00bb1&Prime; _builder_version=\u00a0\u00bb4.26.0&Prime; _module_preset=\u00a0\u00bbdefault\u00a0\u00bb background_color=\u00a0\u00bb#FFFFFF\u00a0\u00bb min_height=\u00a0\u00bb83.8px\u00a0\u00bb custom_padding=\u00a0\u00bb1px||0px|||\u00a0\u00bb global_colors_info=\u00a0\u00bb{}\u00a0\u00bb][\/et_pb_section]<\/p>\n","protected":false},"excerpt":{"rendered":"<p>OBJECTIFS DE FORMATION : FORMATION ENTREMETS ET BUCHES GLACES M\u00c9THODES PEDAGOGIQUES UTILIS\u00c9ES : Alternance d\u2019apports th\u00e9oriques et de travaux pratiques sur plateau technique \u00e9quip\u00e9. \u00catre capable de r\u00e9aliser une gamme compl\u00e8te d\u2019entremets glac\u00e9s. Notre formation est un stage intensif de glace de 3 jours qui aborde les diff\u00e9rentes techniques du r\u00e9f\u00e9rentiel du CAP Glacier. Pr\u00e9requis [&hellip;]<\/p>\n","protected":false},"author":3,"featured_media":0,"parent":0,"menu_order":0,"comment_status":"closed","ping_status":"closed","template":"","meta":{"_et_pb_use_builder":"on","_et_pb_old_content":"<!-- wp:paragraph -->\n<p>Ceci est une page d\u2019exemple. C\u2019est diff\u00e9rent d\u2019un article de blog parce qu\u2019elle restera au m\u00eame endroit et appara\u00eetra dans la navigation de votre site (dans la plupart des th\u00e8mes). La plupart des gens commencent par une page \u00ab\u00a0\u00c0 propos\u00a0\u00bb qui les pr\u00e9sente aux personnes visitant le site. Cela pourrait ressembler \u00e0 quelque chose comme cela\u00a0:<\/p>\n<!-- \/wp:paragraph -->\n\n<!-- wp:quote -->\n<blockquote class=\"wp-block-quote\"><p>Bonjour\u00a0! Je suis un m\u00e9canicien qui aspire \u00e0 devenir acteur, et voici mon site. J\u2019habite \u00e0 Bordeaux, j\u2019ai un super chien baptis\u00e9 Russell, et j\u2019aime la vodka (ainsi qu\u2019\u00eatre surpris par la pluie soudaine lors de longues balades sur la plage au coucher du soleil).<\/p><\/blockquote>\n<!-- \/wp:quote -->\n\n<!-- wp:paragraph -->\n<p>\u2026ou quelque chose comme cela\u00a0:<\/p>\n<!-- \/wp:paragraph -->\n\n<!-- wp:quote -->\n<blockquote class=\"wp-block-quote\"><p>La soci\u00e9t\u00e9 123 Machin Truc a \u00e9t\u00e9 cr\u00e9\u00e9e en 1971, et n\u2019a cess\u00e9 de proposer au public des machins-trucs de qualit\u00e9 depuis lors. Situ\u00e9e \u00e0 Saint-Remy-en-Bouzemont-Saint-Genest-et-Isson, 123 Machin Truc emploie 2 000 personnes, et fabrique toutes sortes de bidules supers pour la communaut\u00e9 bouzemontoise.<\/p><\/blockquote>\n<!-- \/wp:quote -->\n\n<!-- wp:paragraph -->\n<p>En tant que nouvel utilisateur ou utilisatrice de WordPress, vous devriez vous rendre sur <a href=\"http:\/\/atelierduglacier.com\/wp-admin\/\">votre tableau de bord<\/a> pour supprimer cette page et cr\u00e9er de nouvelles pages pour votre contenu. Amusez-vous bien\u00a0!<\/p>\n<!-- \/wp:paragraph -->","_et_gb_content_width":"","footnotes":""},"class_list":["post-1587","page","type-page","status-publish","hentry"],"_links":{"self":[{"href":"https:\/\/atelierduglacier.com\/index.php?rest_route=\/wp\/v2\/pages\/1587","targetHints":{"allow":["GET"]}}],"collection":[{"href":"https:\/\/atelierduglacier.com\/index.php?rest_route=\/wp\/v2\/pages"}],"about":[{"href":"https:\/\/atelierduglacier.com\/index.php?rest_route=\/wp\/v2\/types\/page"}],"author":[{"embeddable":true,"href":"https:\/\/atelierduglacier.com\/index.php?rest_route=\/wp\/v2\/users\/3"}],"replies":[{"embeddable":true,"href":"https:\/\/atelierduglacier.com\/index.php?rest_route=%2Fwp%2Fv2%2Fcomments&post=1587"}],"version-history":[{"count":5,"href":"https:\/\/atelierduglacier.com\/index.php?rest_route=\/wp\/v2\/pages\/1587\/revisions"}],"predecessor-version":[{"id":1714,"href":"https:\/\/atelierduglacier.com\/index.php?rest_route=\/wp\/v2\/pages\/1587\/revisions\/1714"}],"wp:attachment":[{"href":"https:\/\/atelierduglacier.com\/index.php?rest_route=%2Fwp%2Fv2%2Fmedia&parent=1587"}],"curies":[{"name":"wp","href":"https:\/\/api.w.org\/{rel}","templated":true}]}}