{"id":113,"date":"2024-07-01T17:02:37","date_gmt":"2024-07-01T15:02:37","guid":{"rendered":"https:\/\/atelierduglacier.com\/?page_id=113"},"modified":"2025-11-04T06:12:31","modified_gmt":"2025-11-04T05:12:31","slug":"certification","status":"publish","type":"page","link":"https:\/\/atelierduglacier.com\/?page_id=113","title":{"rendered":"CERTIFICATION"},"content":{"rendered":"<p>[et_pb_section fb_built=\u00a0\u00bb1&Prime; admin_label=\u00a0\u00bbFeatures\u00a0\u00bb _builder_version=\u00a0\u00bb4.26.1&Prime; _module_preset=\u00a0\u00bbdefault\u00a0\u00bb background_image=\u00a0\u00bbhttps:\/\/atelierduglacier.com\/wp-content\/uploads\/2024\/06\/0-7728dbc3-4d9a-41d3-af93-89426791a278-1920&#215;1080.jpg\u00a0\u00bb min_height=\u00a0\u00bb300px\u00a0\u00bb custom_padding=\u00a0\u00bb||2px|||\u00a0\u00bb locked=\u00a0\u00bboff\u00a0\u00bb collapsed=\u00a0\u00bbon\u00a0\u00bb global_colors_info=\u00a0\u00bb{}\u00a0\u00bb][\/et_pb_section][et_pb_section fb_built=\u00a0\u00bb1&Prime; admin_label=\u00a0\u00bbFeatures\u00a0\u00bb _builder_version=\u00a0\u00bb4.26.0&Prime; _module_preset=\u00a0\u00bbdefault\u00a0\u00bb background_color=\u00a0\u00bb#FFFFFF\u00a0\u00bb background_enable_image=\u00a0\u00bboff\u00a0\u00bb custom_padding=\u00a0\u00bb40px||5px|||\u00a0\u00bb locked=\u00a0\u00bboff\u00a0\u00bb collapsed=\u00a0\u00bbon\u00a0\u00bb global_colors_info=\u00a0\u00bb{}\u00a0\u00bb][et_pb_row _builder_version=\u00a0\u00bb4.27.0&Prime; _module_preset=\u00a0\u00bb5138c454-be54-4233-bd3b-f8e6a8747976&Prime; custom_padding=\u00a0\u00bb6px|||||\u00a0\u00bb global_colors_info=\u00a0\u00bb{}\u00a0\u00bb][et_pb_column type=\u00a0\u00bb4_4&Prime; _builder_version=\u00a0\u00bb4.17.3&Prime; _module_preset=\u00a0\u00bb73121f80-a3ef-4484-8763-c3f18e3c56d2&Prime; global_colors_info=\u00a0\u00bb{}\u00a0\u00bb][et_pb_heading title=\u00a0\u00bbCERTIFICATION QUALIOPI\u00a0\u00bb _builder_version=\u00a0\u00bb4.27.0&Prime; _module_preset=\u00a0\u00bbc33f07d9-41e0-421a-8799-5799df695cce\u00a0\u00bb title_level=\u00a0\u00bbh2&Prime; title_font=\u00a0\u00bbCormorant Garamond|Cormorant Garamond_weight|||||||\u00a0\u00bb title_text_color=\u00a0\u00bb#0e0c19&Prime; title_font_size=\u00a0\u00bb50px\u00a0\u00bb title_line_height=\u00a0\u00bb1.2em\u00a0\u00bb custom_margin=\u00a0\u00bb||-5px|||\u00a0\u00bb custom_padding=\u00a0\u00bb||0px|||\u00a0\u00bb title_font_size_tablet=\u00a0\u00bb28px\u00a0\u00bb title_font_size_phone=\u00a0\u00bb20px\u00a0\u00bb title_font_size_last_edited=\u00a0\u00bbon|phone\u00a0\u00bb locked=\u00a0\u00bboff\u00a0\u00bb global_colors_info=\u00a0\u00bb{}\u00a0\u00bb][\/et_pb_heading][\/et_pb_column][\/et_pb_row][et_pb_row _builder_version=\u00a0\u00bb4.26.1&Prime; _module_preset=\u00a0\u00bbdefault\u00a0\u00bb module_alignment=\u00a0\u00bbcenter\u00a0\u00bb custom_padding=\u00a0\u00bb5px||2px|||\u00a0\u00bb global_colors_info=\u00a0\u00bb{}\u00a0\u00bb][et_pb_column type=\u00a0\u00bb4_4&Prime; _builder_version=\u00a0\u00bb4.25.2&Prime; _module_preset=\u00a0\u00bbdefault\u00a0\u00bb global_colors_info=\u00a0\u00bb{}\u00a0\u00bb][et_pb_text _builder_version=\u00a0\u00bb4.27.0&Prime; _module_preset=\u00a0\u00bbdefault\u00a0\u00bb min_height=\u00a0\u00bb617px\u00a0\u00bb custom_padding=\u00a0\u00bb||3px|||\u00a0\u00bb global_colors_info=\u00a0\u00bb{}\u00a0\u00bb]<\/p>\n<p style=\"text-align: justify;\">et L\u2019ATELIER DU GLACIER situ\u00e9 : Village des Plateaux\u00a0 3 rue Jacques Duclos F-33270 BORDEAUX-FLOIRAC &#8211; SIREN 312 790 678 TEL +33 (0) 663 208 553<\/p>\n<p style=\"text-align: justify;\">Organisme reconnu et enregistr\u00e9 en qualit\u00e9 de prestataire de formation professionnelle aupr\u00e8s des minist\u00e8res suivants :<\/p>\n<ul>\n<li style=\"list-style-type: none;\">\n<ul>\n<li style=\"text-align: justify;\"><strong>Activit\u00e9 enregistr\u00e9e aupr\u00e8s du pr\u00e9fet de la r\u00e9gion Nouvelle-Aquitaine sous le n\u00b0 : 75331317733<\/strong><\/li>\n<li><strong>Activit\u00e9 enregistr\u00e9e aupr\u00e8s de la CHAMBRE DES M\u00c9TIERS ET DE L&rsquo; ARTISANAT de la r\u00e9gion Nouvelle-Aquitaine sous le n\u00b0: 312790678 RM33<\/strong><\/li>\n<li style=\"text-align: justify;\"><strong>Activit\u00e9 enregistr\u00e9e aupr\u00e8s de la DRAAF de la r\u00e9gion Nouvelle-Aquitaine sous le n\u00b0 : 750243242021<\/strong><\/li>\n<li style=\"text-align: justify;\"><strong>Label QUALIOPI certificat sous le n\u00b0 : QUA24020093<\/strong><\/li>\n<\/ul>\n<\/li>\n<\/ul>\n<p style=\"text-align: justify;\">L\u2019ATELIER DU GLACIER est un organisme d\u00e9tenteur : d\u2019une attestation de conformit\u00e9 \u00e0 l\u2019article L,6313-1 du code du travail relatif aux actions de formation :\u00a0\u00a0\u00a0\u00a0\u00a0\u00a0\u00a0\u00a0\u00a0\u00a0\u00a0\u00a0 label Qualiopi \u00e9valu\u00e9 et jug\u00e9 conforme au r\u00e9f\u00e9rentiel en vigueur par organisme certificateur accr\u00e9ditation.\u00a0 C\u2019est la reconnaissance de la qualit\u00e9 des processus et de la qualit\u00e9 de nos actions de formations d\u00e9ploy\u00e9es par notre centre de formation.<\/p>\n<p style=\"text-align: justify;\"><strong>Pourquoi la certification Qualiopi ? :<\/strong> La certification Qualiopi est un label d\u00e9livr\u00e9 par un organisme de certification officiel qui garantit la qualit\u00e9 des prestations de formation. Elle est destin\u00e9e aux organismes de formation qui souhaitent \u00eatre reconnus pour leur engagement en faveur de la qualit\u00e9.<\/p>\n<p style=\"text-align: justify;\">Gr\u00e2ce \u00e0 cet indicateur, vous avez l\u2018assurance que l\u2019organisme est s\u00e9rieux et de confiance.<br \/>Enfin, cette certification permet \u00e9galement de simplifier les demandes de prise en charge des frais li\u00e9s aux diff\u00e9rentes formations. En effet, faire appel \u00e0 un organisme certifi\u00e9 QUALIOPI vous permettra une gestion beaucoup plus simple de votre parcours professionnel, notamment dans le cadre du financement.<\/p>\n<p style=\"text-align: justify;\"><span>L\u2019ATELIER DU GLACIER <\/span><span>est aussi un organisme dont les locaux et les formations dispens\u00e9es sont accessibles aux personnes handicap\u00e9es.<\/span><\/p>\n<p style=\"text-align: justify;\"><span>Lors de votre inscription \u00e0 nos formations, nous \u00e9tudions avec le candidat en situation de handicap et \u00e0 travers un entretien individuel les actions que nous pouvons mettre en place pour favoriser sa formation. L\u2019outil retenu pour nous aider lors de cet entretien est un questionnaire \u00e0 r\u00e9ponses ouvertes.<\/span><\/p>\n<p style=\"text-align: justify;\"><span>Aussi, nous pouvons nous appuyer sur un r\u00e9seau de partenaires nationaux pr\u00e9alablement identifi\u00e9s pour accompagner les \u00e9tudiants en situation de handicap.<\/span><\/p>\n<p style=\"text-align: justify;\"><span>\u00a0<\/span><\/p>\n<p style=\"text-align: justify;\"><span>Pour tous renseignements compl\u00e9mentaires, contactez notre centre de formation par t\u00e9l\u00e9phone au : +33 (0) 663 208 553 &#8211; mail : contact@atelierduglacier.com<\/span><span><\/span><\/p>\n<p>[\/et_pb_text][\/et_pb_column][\/et_pb_row][et_pb_row column_structure=\u00a0\u00bb1_4,1_4,1_4,1_4&Prime; _builder_version=\u00a0\u00bb4.26.1&Prime; _module_preset=\u00a0\u00bbdefault\u00a0\u00bb min_height=\u00a0\u00bb389px\u00a0\u00bb custom_padding=\u00a0\u00bb||0px|||\u00a0\u00bb global_colors_info=\u00a0\u00bb{}\u00a0\u00bb][et_pb_column type=\u00a0\u00bb1_4&Prime; _builder_version=\u00a0\u00bb4.26.1&Prime; _module_preset=\u00a0\u00bbdefault\u00a0\u00bb global_colors_info=\u00a0\u00bb{}\u00a0\u00bb][\/et_pb_column][et_pb_column type=\u00a0\u00bb1_4&Prime; _builder_version=\u00a0\u00bb4.27.4&Prime; _module_preset=\u00a0\u00bbdefault\u00a0\u00bb global_colors_info=\u00a0\u00bb{}\u00a0\u00bb][et_pb_image src=\u00a0\u00bbhttps:\/\/atelierduglacier.com\/wp-content\/uploads\/2024\/07\/1.-AF-300&#215;181.png\u00a0\u00bb title_text=\u00a0\u00bb1. AF\u00a0\u00bb _builder_version=\u00a0\u00bb4.27.2&Prime; _module_preset=\u00a0\u00bbdefault\u00a0\u00bb min_height=\u00a0\u00bb173px\u00a0\u00bb custom_margin=\u00a0\u00bb|-57px||||\u00a0\u00bb global_colors_info=\u00a0\u00bb{}\u00a0\u00bb][\/et_pb_image][\/et_pb_column][et_pb_column type=\u00a0\u00bb1_4&Prime; _builder_version=\u00a0\u00bb4.26.1&Prime; _module_preset=\u00a0\u00bbdefault\u00a0\u00bb global_colors_info=\u00a0\u00bb{}\u00a0\u00bb][\/et_pb_column][et_pb_column type=\u00a0\u00bb1_4&Prime; _builder_version=\u00a0\u00bb4.26.1&Prime; _module_preset=\u00a0\u00bbdefault\u00a0\u00bb global_colors_info=\u00a0\u00bb{}\u00a0\u00bb][et_pb_image src=\u00a0\u00bbhttps:\/\/atelierduglacier.com\/wp-content\/uploads\/2024\/07\/Logo-Artisan.jpg\u00a0\u00bb title_text=\u00a0\u00bbLogo Artisan\u00a0\u00bb _builder_version=\u00a0\u00bb4.26.1&Prime; _module_preset=\u00a0\u00bbdefault\u00a0\u00bb min_height=\u00a0\u00bb76px\u00a0\u00bb custom_margin=\u00a0\u00bb|-35px||||\u00a0\u00bb custom_padding=\u00a0\u00bb||187px|35px||\u00a0\u00bb global_colors_info=\u00a0\u00bb{}\u00a0\u00bb][\/et_pb_image][\/et_pb_column][\/et_pb_row][\/et_pb_section][et_pb_section fb_built=\u00a0\u00bb1&Prime; _builder_version=\u00a0\u00bb4.26.0&Prime; _module_preset=\u00a0\u00bbdefault\u00a0\u00bb background_color=\u00a0\u00bb#FFFFFF\u00a0\u00bb min_height=\u00a0\u00bb83.8px\u00a0\u00bb custom_padding=\u00a0\u00bb1px||0px|||\u00a0\u00bb global_colors_info=\u00a0\u00bb{}\u00a0\u00bb][\/et_pb_section]<\/p>\n","protected":false},"excerpt":{"rendered":"<p>et L\u2019ATELIER DU GLACIER situ\u00e9 : Village des Plateaux\u00a0 3 rue Jacques Duclos F-33270 BORDEAUX-FLOIRAC &#8211; SIREN 312 790 678 TEL +33 (0) 663 208 553 Organisme reconnu et enregistr\u00e9 en qualit\u00e9 de prestataire de formation professionnelle aupr\u00e8s des minist\u00e8res suivants : Activit\u00e9 enregistr\u00e9e aupr\u00e8s du pr\u00e9fet de la r\u00e9gion Nouvelle-Aquitaine sous le n\u00b0 : [&hellip;]<\/p>\n","protected":false},"author":3,"featured_media":0,"parent":0,"menu_order":0,"comment_status":"closed","ping_status":"closed","template":"","meta":{"_et_pb_use_builder":"on","_et_pb_old_content":"<!-- wp:paragraph -->\n<p>Ceci est une page d\u2019exemple. C\u2019est diff\u00e9rent d\u2019un article de blog parce qu\u2019elle restera au m\u00eame endroit et appara\u00eetra dans la navigation de votre site (dans la plupart des th\u00e8mes). La plupart des gens commencent par une page \u00ab\u00a0\u00c0 propos\u00a0\u00bb qui les pr\u00e9sente aux personnes visitant le site. Cela pourrait ressembler \u00e0 quelque chose comme cela\u00a0:<\/p>\n<!-- \/wp:paragraph -->\n\n<!-- wp:quote -->\n<blockquote class=\"wp-block-quote\"><p>Bonjour\u00a0! Je suis un m\u00e9canicien qui aspire \u00e0 devenir acteur, et voici mon site. J\u2019habite \u00e0 Bordeaux, j\u2019ai un super chien baptis\u00e9 Russell, et j\u2019aime la vodka (ainsi qu\u2019\u00eatre surpris par la pluie soudaine lors de longues balades sur la plage au coucher du soleil).<\/p><\/blockquote>\n<!-- \/wp:quote -->\n\n<!-- wp:paragraph -->\n<p>\u2026ou quelque chose comme cela\u00a0:<\/p>\n<!-- \/wp:paragraph -->\n\n<!-- wp:quote -->\n<blockquote class=\"wp-block-quote\"><p>La soci\u00e9t\u00e9 123 Machin Truc a \u00e9t\u00e9 cr\u00e9\u00e9e en 1971, et n\u2019a cess\u00e9 de proposer au public des machins-trucs de qualit\u00e9 depuis lors. Situ\u00e9e \u00e0 Saint-Remy-en-Bouzemont-Saint-Genest-et-Isson, 123 Machin Truc emploie 2 000 personnes, et fabrique toutes sortes de bidules supers pour la communaut\u00e9 bouzemontoise.<\/p><\/blockquote>\n<!-- \/wp:quote -->\n\n<!-- wp:paragraph -->\n<p>En tant que nouvel utilisateur ou utilisatrice de WordPress, vous devriez vous rendre sur <a href=\"http:\/\/atelierduglacier.com\/wp-admin\/\">votre tableau de bord<\/a> pour supprimer cette page et cr\u00e9er de nouvelles pages pour votre contenu. Amusez-vous bien\u00a0!<\/p>\n<!-- \/wp:paragraph -->","_et_gb_content_width":"","footnotes":""},"class_list":["post-113","page","type-page","status-publish","hentry"],"_links":{"self":[{"href":"https:\/\/atelierduglacier.com\/index.php?rest_route=\/wp\/v2\/pages\/113","targetHints":{"allow":["GET"]}}],"collection":[{"href":"https:\/\/atelierduglacier.com\/index.php?rest_route=\/wp\/v2\/pages"}],"about":[{"href":"https:\/\/atelierduglacier.com\/index.php?rest_route=\/wp\/v2\/types\/page"}],"author":[{"embeddable":true,"href":"https:\/\/atelierduglacier.com\/index.php?rest_route=\/wp\/v2\/users\/3"}],"replies":[{"embeddable":true,"href":"https:\/\/atelierduglacier.com\/index.php?rest_route=%2Fwp%2Fv2%2Fcomments&post=113"}],"version-history":[{"count":86,"href":"https:\/\/atelierduglacier.com\/index.php?rest_route=\/wp\/v2\/pages\/113\/revisions"}],"predecessor-version":[{"id":1744,"href":"https:\/\/atelierduglacier.com\/index.php?rest_route=\/wp\/v2\/pages\/113\/revisions\/1744"}],"wp:attachment":[{"href":"https:\/\/atelierduglacier.com\/index.php?rest_route=%2Fwp%2Fv2%2Fmedia&parent=113"}],"curies":[{"name":"wp","href":"https:\/\/api.w.org\/{rel}","templated":true}]}}